{"id":11,"date":"2021-12-27T11:49:30","date_gmt":"2021-12-27T11:49:30","guid":{"rendered":"http:\/\/seequality.pl\/?page_id=11"},"modified":"2021-12-27T15:09:01","modified_gmt":"2021-12-27T15:09:01","slug":"potrzebujesz-podniesc-kwalifikacje-w-firmie-przeprowadzimy-audit-szkolenie-oraz-wdrozymy-najnowsze-standardy-obowiazujace-w-branzy-automotiv","status":"publish","type":"page","link":"https:\/\/seequality.pl\/index.php\/potrzebujesz-podniesc-kwalifikacje-w-firmie-przeprowadzimy-audit-szkolenie-oraz-wdrozymy-najnowsze-standardy-obowiazujace-w-branzy-automotiv\/","title":{"rendered":"Oferta"},"content":{"rendered":"\n<p><em>Potrzebujesz podnie\u015b\u0107 kwalifikacje?<\/em><\/p>\n\n\n\n<p><em>Zadbamy o poszerzenie kompetencji i umiej\u0119tno\u015bci Twojego personelu prowadz\u0105c warsztaty i dziel\u0105c si\u0119 praktycznymi rozwi\u0105zaniami.<\/em><\/p>\n\n\n\n<p><em>Przeprowadzimy audit, szkolenie oraz wdro\u017cymy najnowsze standardy obowi\u0105zuj\u0105ce w bran\u017cy automotive<\/em>.<\/p>\n\n\n\n<div class=\"wp-block-buttons\">\n<div class=\"wp-block-button\"><a class=\"wp-block-button__link\">Szkolenia<\/a><\/div>\n\n\n\n<div class=\"wp-block-button\"><a class=\"wp-block-button__link\">Audity<\/a><\/div>\n\n\n\n<div class=\"wp-block-button\"><a class=\"wp-block-button__link\">Wdro\u017cenia<\/a><\/div>\n\n\n\n<div class=\"wp-block-button\"><a class=\"wp-block-button__link\">Konsultacje<\/a><\/div>\n<\/div>\n\n\n\n<p><\/p>\n","protected":false},"excerpt":{"rendered":"<p>Potrzebujesz podnie\u015b\u0107 kwalifikacje? Zadbamy o poszerzenie kompetencji i umiej\u0119tno\u015bci Twojego personelu prowadz\u0105c warsztaty i dziel\u0105c si\u0119 praktycznymi rozwi\u0105zaniami. Przeprowadzimy audit, szkolenie oraz wdro\u017cymy najnowsze standardy obowi\u0105zuj\u0105ce w bran\u017cy automotive.<\/p>\n","protected":false},"author":1,"featured_media":0,"parent":0,"menu_order":1,"comment_status":"closed","ping_status":"closed","template":"","meta":[],"_links":{"self":[{"href":"https:\/\/seequality.pl\/index.php\/wp-json\/wp\/v2\/pages\/11"}],"collection":[{"href":"https:\/\/seequality.pl\/index.php\/wp-json\/wp\/v2\/pages"}],"about":[{"href":"https:\/\/seequality.pl\/index.php\/wp-json\/wp\/v2\/types\/page"}],"author":[{"embeddable":true,"href":"https:\/\/seequality.pl\/index.php\/wp-json\/wp\/v2\/users\/1"}],"replies":[{"embeddable":true,"href":"https:\/\/seequality.pl\/index.php\/wp-json\/wp\/v2\/comments?post=11"}],"version-history":[{"count":7,"href":"https:\/\/seequality.pl\/index.php\/wp-json\/wp\/v2\/pages\/11\/revisions"}],"predecessor-version":[{"id":85,"href":"https:\/\/seequality.pl\/index.php\/wp-json\/wp\/v2\/pages\/11\/revisions\/85"}],"wp:attachment":[{"href":"https:\/\/seequality.pl\/index.php\/wp-json\/wp\/v2\/media?parent=11"}],"curies":[{"name":"wp","href":"https:\/\/api.w.org\/{rel}","templated":true}]}}