{"id":8,"date":"2021-12-27T11:49:30","date_gmt":"2021-12-27T11:49:30","guid":{"rendered":"http:\/\/seequality.pl\/?page_id=8"},"modified":"2021-12-27T14:37:01","modified_gmt":"2021-12-27T14:37:01","slug":"kontakt","status":"publish","type":"page","link":"https:\/\/seequality.pl\/index.php\/kontakt\/","title":{"rendered":"Kontakt"},"content":{"rendered":"\n<p>Jeste\u015bmy dost\u0119pni do Pa\u0144stwa dyspozycji.<\/p>\n\n\n\n<p>biuro@seequality.pl<\/p>\n\n\n\n<p> tel. 574 358 008 <\/p>\n\n\n\n<p>katarzyna.piatek@seequality<\/p>\n\n\n\n<p>tel. 608 574 24 91  <\/p>\n\n\n\n<p><\/p>\n","protected":false},"excerpt":{"rendered":"<p>Jeste\u015bmy dost\u0119pni do Pa\u0144stwa dyspozycji. biuro@seequality.pl tel. 574 358 008 katarzyna.piatek@seequality tel. 608 574 24 91<\/p>\n","protected":false},"author":1,"featured_media":0,"parent":0,"menu_order":0,"comment_status":"closed","ping_status":"closed","template":"","meta":[],"_links":{"self":[{"href":"https:\/\/seequality.pl\/index.php\/wp-json\/wp\/v2\/pages\/8"}],"collection":[{"href":"https:\/\/seequality.pl\/index.php\/wp-json\/wp\/v2\/pages"}],"about":[{"href":"https:\/\/seequality.pl\/index.php\/wp-json\/wp\/v2\/types\/page"}],"author":[{"embeddable":true,"href":"https:\/\/seequality.pl\/index.php\/wp-json\/wp\/v2\/users\/1"}],"replies":[{"embeddable":true,"href":"https:\/\/seequality.pl\/index.php\/wp-json\/wp\/v2\/comments?post=8"}],"version-history":[{"count":3,"href":"https:\/\/seequality.pl\/index.php\/wp-json\/wp\/v2\/pages\/8\/revisions"}],"predecessor-version":[{"id":70,"href":"https:\/\/seequality.pl\/index.php\/wp-json\/wp\/v2\/pages\/8\/revisions\/70"}],"wp:attachment":[{"href":"https:\/\/seequality.pl\/index.php\/wp-json\/wp\/v2\/media?parent=8"}],"curies":[{"name":"wp","href":"https:\/\/api.w.org\/{rel}","templated":true}]}}